{"id":145,"date":"2016-05-10T11:20:27","date_gmt":"2016-05-10T09:20:27","guid":{"rendered":"http:\/\/test.hrusice-fotbal.cz\/?page_id=145"},"modified":"2016-05-10T16:49:25","modified_gmt":"2016-05-10T14:49:25","slug":"ziju-s-klubem","status":"publish","type":"page","link":"https:\/\/hrusice-fotbal.cz\/?page_id=145","title":{"rendered":"\u017diju s klubem"},"content":{"rendered":"<p style=\"text-align: justify;\"><a class=\"http:\/\/tjsokolhrusice.klubsport.cz\" href=\"http:\/\/tjsokolhrusice.klubsport.cz\" target=\"_blank\" rel=\"http:\/\/tjsokolhrusice.klubsport.cz\"><img loading=\"lazy\" class=\"aligncenter wp-image-149 size-full\" src=\"http:\/\/hrusice-fotbal.cz\/wp-content\/uploads\/2016\/05\/zijusklubem.png\" alt=\"zijusklubem\" width=\"500\" height=\"131\" srcset=\"https:\/\/hrusice-fotbal.cz\/wp-content\/uploads\/2016\/05\/zijusklubem.png 500w, https:\/\/hrusice-fotbal.cz\/wp-content\/uploads\/2016\/05\/zijusklubem-300x79.png 300w\" sizes=\"(max-width: 500px) 100vw, 500px\" \/><\/a>V\u00e1\u017een\u00ed p\u0159\u00edznivci, fanou\u0161ci, \u010dlenov\u00e9 sokola Hrusice, mo\u017en\u00e1 jste si ji\u017e v\u0161imli, \u017ee se na na\u0161em webu nov\u011b objevuje odkaz na e-shop. N\u00e1\u0161 klub se stal sou\u010d\u00e1st\u00ed projektu <em>\u201e\u017diju s\u00a0klubem\u201c<\/em>. Jedn\u00e1 se o projekt, jeho\u017e c\u00edlem je prohlouben\u00ed vztahu fanou\u0161k\u016f, hr\u00e1\u010d\u016f i rodi\u010d\u016f k na\u0161emu klubu, jako\u017e i finan\u010dn\u00ed a materi\u00e1ln\u00ed podpora sportovn\u00edch klub\u016f. Po kliknut\u00ed je n\u00e1v\u0161t\u011bvn\u00edk webu p\u0159esm\u011brov\u00e1n na e-shop se sportovn\u00edm zbo\u017e\u00edm, sportovn\u00edmi trofejemi, klubov\u00fdmi suven\u00fdry apod.<\/p>\n<p style=\"text-align: justify;\">Z ka\u017ed\u00e9 objedn\u00e1vky realizovan\u00e9 prost\u0159ednictv\u00edm klubov\u00e9ho e-shopu jde \u010d\u00e1st z hodnoty objedn\u00e1vky zp\u00e1tky do klubu. Nev\u00e1hejte tedy nakupovat na na\u0161em e-shopu, ka\u017ed\u00fdm n\u00e1kupem tak podpo\u0159\u00edte sv\u016fj klub.<\/p>\n<p style=\"text-align: justify;\">Na e-shop se dostanete kliknut\u00edm zde <a href=\"http:\/\/tjsokolhrusice.klubsport.cz\/\"><u>http:\/\/tjsokolhrusice.klubsport.cz\/<\/u><\/a>.<\/p>\n<p style=\"text-align: justify;\">V\u00edce o projektu se dozv\u00edte na jeho webov\u00fdch str\u00e1nk\u00e1ch, kde najdete ve\u0161ker\u00e9 informace: <a href=\"http:\/\/www.zijusklubem.cz\/\"><u>http:\/\/www.zijusklubem.cz<\/u><\/a><\/p>\n<p style=\"text-align: justify;\">\n","protected":false},"excerpt":{"rendered":"<p>V\u00e1\u017een\u00ed p\u0159\u00edznivci, fanou\u0161ci, \u010dlenov\u00e9 sokola Hrusice, mo\u017en\u00e1 jste si ji\u017e v\u0161imli, \u017ee se na na\u0161em webu nov\u011b objevuje odkaz na e-shop. N\u00e1\u0161 klub se stal sou\u010d\u00e1st\u00ed projektu \u201e\u017diju s\u00a0klubem\u201c. Jedn\u00e1 se o projekt, jeho\u017e c\u00edlem je prohlouben\u00ed vztahu &hellip; <\/p>\n<div class=\"more-link-wrapper\"><a href=\"https:\/\/hrusice-fotbal.cz\/?page_id=145\" class=\"more-link\">Continue reading<span class=\"screen-reader-text\"> &#8222;\u017diju s klubem&#8220;<\/span><\/a><\/div>\n","protected":false},"author":1,"featured_media":0,"parent":0,"menu_order":22,"comment_status":"closed","ping_status":"closed","template":"","meta":[],"_links":{"self":[{"href":"https:\/\/hrusice-fotbal.cz\/index.php?rest_route=\/wp\/v2\/pages\/145"}],"collection":[{"href":"https:\/\/hrusice-fotbal.cz\/index.php?rest_route=\/wp\/v2\/pages"}],"about":[{"href":"https:\/\/hrusice-fotbal.cz\/index.php?rest_route=\/wp\/v2\/types\/page"}],"author":[{"embeddable":true,"href":"https:\/\/hrusice-fotbal.cz\/index.php?rest_route=\/wp\/v2\/users\/1"}],"replies":[{"embeddable":true,"href":"https:\/\/hrusice-fotbal.cz\/index.php?rest_route=%2Fwp%2Fv2%2Fcomments&post=145"}],"version-history":[{"count":5,"href":"https:\/\/hrusice-fotbal.cz\/index.php?rest_route=\/wp\/v2\/pages\/145\/revisions"}],"predecessor-version":[{"id":153,"href":"https:\/\/hrusice-fotbal.cz\/index.php?rest_route=\/wp\/v2\/pages\/145\/revisions\/153"}],"wp:attachment":[{"href":"https:\/\/hrusice-fotbal.cz\/index.php?rest_route=%2Fwp%2Fv2%2Fmedia&parent=145"}],"curies":[{"name":"wp","href":"https:\/\/api.w.org\/{rel}","templated":true}]}}