{"id":184,"date":"2016-05-11T09:03:17","date_gmt":"2016-05-11T07:03:17","guid":{"rendered":"http:\/\/test.hrusice-fotbal.cz\/?page_id=184"},"modified":"2016-05-11T09:27:29","modified_gmt":"2016-05-11T07:27:29","slug":"aktuality","status":"publish","type":"page","link":"https:\/\/hrusice-fotbal.cz\/?page_id=184","title":{"rendered":"Aktuality"},"content":{"rendered":"<h3 style=\"text-align: center;\"><strong>Tr\u00e9ninky: \u00fater\u00fd a p\u00e1tek od 17:00<\/strong><\/h3>\n","protected":false},"excerpt":{"rendered":"<p>Tr\u00e9ninky: \u00fater\u00fd a p\u00e1tek od 17:00<\/p>\n","protected":false},"author":1,"featured_media":0,"parent":180,"menu_order":0,"comment_status":"closed","ping_status":"closed","template":"","meta":[],"_links":{"self":[{"href":"https:\/\/hrusice-fotbal.cz\/index.php?rest_route=\/wp\/v2\/pages\/184"}],"collection":[{"href":"https:\/\/hrusice-fotbal.cz\/index.php?rest_route=\/wp\/v2\/pages"}],"about":[{"href":"https:\/\/hrusice-fotbal.cz\/index.php?rest_route=\/wp\/v2\/types\/page"}],"author":[{"embeddable":true,"href":"https:\/\/hrusice-fotbal.cz\/index.php?rest_route=\/wp\/v2\/users\/1"}],"replies":[{"embeddable":true,"href":"https:\/\/hrusice-fotbal.cz\/index.php?rest_route=%2Fwp%2Fv2%2Fcomments&post=184"}],"version-history":[{"count":2,"href":"https:\/\/hrusice-fotbal.cz\/index.php?rest_route=\/wp\/v2\/pages\/184\/revisions"}],"predecessor-version":[{"id":204,"href":"https:\/\/hrusice-fotbal.cz\/index.php?rest_route=\/wp\/v2\/pages\/184\/revisions\/204"}],"up":[{"embeddable":true,"href":"https:\/\/hrusice-fotbal.cz\/index.php?rest_route=\/wp\/v2\/pages\/180"}],"wp:attachment":[{"href":"https:\/\/hrusice-fotbal.cz\/index.php?rest_route=%2Fwp%2Fv2%2Fmedia&parent=184"}],"curies":[{"name":"wp","href":"https:\/\/api.w.org\/{rel}","templated":true}]}}