{"id":28,"date":"2016-05-09T15:30:46","date_gmt":"2016-05-09T13:30:46","guid":{"rendered":"http:\/\/test.hrusice-fotbal.cz\/?page_id=28"},"modified":"2016-05-10T10:48:41","modified_gmt":"2016-05-10T08:48:41","slug":"soupiska","status":"publish","type":"page","link":"https:\/\/hrusice-fotbal.cz\/?page_id=28","title":{"rendered":"Soupiska"},"content":{"rendered":"<h4 style=\"text-align: center;\"><span style=\"text-decoration: underline;\"><strong><a href=\"http:\/\/hrusice-fotbal.cz\/wp-content\/uploads\/2016\/05\/ackoo.jpg\"><img loading=\"lazy\" class=\"aligncenter wp-image-63 size-large\" src=\"http:\/\/hrusice-fotbal.cz\/wp-content\/uploads\/2016\/05\/ackoo-1024x640.jpg\" alt=\"ackoo\" width=\"710\" height=\"444\" srcset=\"https:\/\/hrusice-fotbal.cz\/wp-content\/uploads\/2016\/05\/ackoo-1024x640.jpg 1024w, https:\/\/hrusice-fotbal.cz\/wp-content\/uploads\/2016\/05\/ackoo-300x188.jpg 300w\" sizes=\"(max-width: 710px) 100vw, 710px\" \/><\/a><\/strong><\/span><\/h4>\n<table width=\"234\">\n<tbody>\n<tr>\n<td style=\"text-align: right;\" width=\"113\"><strong>Tren\u00e9r:<\/strong><\/td>\n<td width=\"121\">Milan Mal\u00fd<\/td>\n<\/tr>\n<tr>\n<td style=\"text-align: right;\"><strong>Vedouc\u00ed mu\u017estva:<\/strong><\/td>\n<td>Ivan Hladk\u00fd<\/td>\n<\/tr>\n<tr>\n<td><strong>\u00a0<\/strong><\/td>\n<td><\/td>\n<\/tr>\n<tr>\n<td style=\"text-align: right;\"><strong>Brank\u00e1\u0159:<\/strong><\/td>\n<td>Jan Nov\u00e1k<\/td>\n<\/tr>\n<tr>\n<td><strong>\u00a0<\/strong><\/td>\n<td><\/td>\n<\/tr>\n<tr>\n<td style=\"text-align: right;\"><strong>Obr\u00e1nci:<\/strong><\/td>\n<td>Martin Schulz<\/td>\n<\/tr>\n<tr>\n<td><strong>\u00a0<\/strong><\/td>\n<td>Petr Novotn\u00fd<\/td>\n<\/tr>\n<tr>\n<td><strong>\u00a0<\/strong><\/td>\n<td>Tom\u00e1\u0161 Zahr\u00e1dka<\/td>\n<\/tr>\n<tr>\n<td><strong>\u00a0<\/strong><\/td>\n<td>David Zoubek<\/td>\n<\/tr>\n<tr>\n<td><strong>\u00a0<\/strong><\/td>\n<td>Ale\u0161 Proch\u00e1zka<\/td>\n<\/tr>\n<tr>\n<td><strong>\u00a0<\/strong><\/td>\n<td>Ji\u0159\u00ed Proch\u00e1zka<\/td>\n<\/tr>\n<tr>\n<td><strong>\u00a0<\/strong><\/td>\n<td>Marek Blecha<\/td>\n<\/tr>\n<tr>\n<td><strong>\u00a0<\/strong><\/td>\n<td>Marek \u0160m\u00edd<\/td>\n<\/tr>\n<tr>\n<td><strong>\u00a0<\/strong><\/td>\n<td>Franti\u0161ek \u010cih\u00e1k<\/td>\n<\/tr>\n<tr>\n<td><strong>\u00a0<\/strong><\/td>\n<td><\/td>\n<\/tr>\n<tr>\n<td style=\"text-align: right;\"><strong>Z\u00e1lo\u017en\u00edci:<\/strong><\/td>\n<td>Matou\u0161 Stan\u011bk<\/td>\n<\/tr>\n<tr>\n<td><strong>\u00a0<\/strong><\/td>\n<td>Zden\u011bk Ml\u010d\u00e1k<\/td>\n<\/tr>\n<tr>\n<td><strong>\u00a0<\/strong><\/td>\n<td>Daniel Janovsk\u00fd<\/td>\n<\/tr>\n<tr>\n<td><strong>\u00a0<\/strong><\/td>\n<td>Vladim\u00edr P\u0171schner<\/td>\n<\/tr>\n<tr>\n<td><strong>\u00a0<\/strong><\/td>\n<td><\/td>\n<\/tr>\n<tr>\n<td style=\"text-align: right;\"><strong>\u00dato\u010dn\u00edci:<\/strong><\/td>\n<td>Filip Blecha<\/td>\n<\/tr>\n<tr>\n<td><strong>\u00a0<\/strong><\/td>\n<td>Miroslav Strnad<\/td>\n<\/tr>\n<\/tbody>\n<\/table>\n","protected":false},"excerpt":{"rendered":"<p>Tren\u00e9r: Milan Mal\u00fd Vedouc\u00ed mu\u017estva: Ivan Hladk\u00fd \u00a0 Brank\u00e1\u0159: Jan Nov\u00e1k \u00a0 Obr\u00e1nci: Martin Schulz \u00a0 Petr Novotn\u00fd \u00a0 Tom\u00e1\u0161 Zahr\u00e1dka \u00a0 David Zoubek \u00a0 Ale\u0161 Proch\u00e1zka \u00a0 Ji\u0159\u00ed Proch\u00e1zka \u00a0 Marek Blecha \u00a0 Marek \u0160m\u00edd \u00a0 Franti\u0161ek &hellip; <\/p>\n<div class=\"more-link-wrapper\"><a href=\"https:\/\/hrusice-fotbal.cz\/?page_id=28\" class=\"more-link\">Continue reading<span class=\"screen-reader-text\"> &#8222;Soupiska&#8220;<\/span><\/a><\/div>\n","protected":false},"author":1,"featured_media":0,"parent":13,"menu_order":0,"comment_status":"closed","ping_status":"closed","template":"","meta":[],"_links":{"self":[{"href":"https:\/\/hrusice-fotbal.cz\/index.php?rest_route=\/wp\/v2\/pages\/28"}],"collection":[{"href":"https:\/\/hrusice-fotbal.cz\/index.php?rest_route=\/wp\/v2\/pages"}],"about":[{"href":"https:\/\/hrusice-fotbal.cz\/index.php?rest_route=\/wp\/v2\/types\/page"}],"author":[{"embeddable":true,"href":"https:\/\/hrusice-fotbal.cz\/index.php?rest_route=\/wp\/v2\/users\/1"}],"replies":[{"embeddable":true,"href":"https:\/\/hrusice-fotbal.cz\/index.php?rest_route=%2Fwp%2Fv2%2Fcomments&post=28"}],"version-history":[{"count":7,"href":"https:\/\/hrusice-fotbal.cz\/index.php?rest_route=\/wp\/v2\/pages\/28\/revisions"}],"predecessor-version":[{"id":137,"href":"https:\/\/hrusice-fotbal.cz\/index.php?rest_route=\/wp\/v2\/pages\/28\/revisions\/137"}],"up":[{"embeddable":true,"href":"https:\/\/hrusice-fotbal.cz\/index.php?rest_route=\/wp\/v2\/pages\/13"}],"wp:attachment":[{"href":"https:\/\/hrusice-fotbal.cz\/index.php?rest_route=%2Fwp%2Fv2%2Fmedia&parent=28"}],"curies":[{"name":"wp","href":"https:\/\/api.w.org\/{rel}","templated":true}]}}