{"id":34,"date":"2016-05-09T15:47:35","date_gmt":"2016-05-09T13:47:35","guid":{"rendered":"http:\/\/test.hrusice-fotbal.cz\/?page_id=34"},"modified":"2020-07-29T10:31:26","modified_gmt":"2020-07-29T08:31:26","slug":"forumpress","status":"publish","type":"page","link":"https:\/\/hrusice-fotbal.cz\/?page_id=34","title":{"rendered":"Rozlosov\u00e1n\u00ed sout\u011b\u017ee"},"content":{"rendered":"<table width=\"482\">\n<tbody>\n<tr>\n<td width=\"110\"><\/td>\n<td width=\"52\"><\/td>\n<td width=\"256\">\u201eB\u201c PODZIM 2020<\/td>\n<td width=\"64\"><\/td>\n<\/tr>\n<tr>\n<td><\/td>\n<td><\/td>\n<td><\/td>\n<td><\/td>\n<\/tr>\n<tr>\n<td>23.8.<\/td>\n<td>NE<\/td>\n<td>Hrusice &#8211; Doubrav\u010dice<\/td>\n<td>17:00<\/td>\n<\/tr>\n<tr>\n<td><\/td>\n<td><\/td>\n<td><\/td>\n<td><\/td>\n<\/tr>\n<tr>\n<td>29.8.<\/td>\n<td>SO<\/td>\n<td>K\u0159enice &#8211; Hrusice<\/td>\n<td>17:00<\/td>\n<\/tr>\n<tr>\n<td><\/td>\n<td><\/td>\n<td><\/td>\n<td><\/td>\n<\/tr>\n<tr>\n<td>6.9.<\/td>\n<td>NE<\/td>\n<td>Hrusice &#8211; \u0158\u00ed\u010dany B<\/td>\n<td>16:30<\/td>\n<\/tr>\n<tr>\n<td><\/td>\n<td><\/td>\n<td><\/td>\n<td><\/td>\n<\/tr>\n<tr>\n<td>13.9.<\/td>\n<td>NE<\/td>\n<td>Kostelec n.\u010c.l. B &#8211; Hrusice<\/td>\n<td>16:30<\/td>\n<\/tr>\n<tr>\n<td><\/td>\n<td><\/td>\n<td><\/td>\n<td><\/td>\n<\/tr>\n<tr>\n<td>20.9.<\/td>\n<td>NE<\/td>\n<td>Hrusice &#8211; Struha\u0159ov<\/td>\n<td>16:00<\/td>\n<\/tr>\n<tr>\n<td><\/td>\n<td><\/td>\n<td><\/td>\n<td><\/td>\n<\/tr>\n<tr>\n<td>26.9.<\/td>\n<td>SO<\/td>\n<td>Lojovice &#8211; Hrusice<\/td>\n<td>16:00<\/td>\n<\/tr>\n<tr>\n<td><\/td>\n<td><\/td>\n<td><\/td>\n<td><\/td>\n<\/tr>\n<tr>\n<td>4.10.<\/td>\n<td>NE<\/td>\n<td>Hrusice &#8211; Slu\u0161tice<\/td>\n<td>15:30<\/td>\n<\/tr>\n<tr>\n<td><\/td>\n<td><\/td>\n<td><\/td>\n<td><\/td>\n<\/tr>\n<tr>\n<td>11.10.<\/td>\n<td>NE<\/td>\n<td>Doubek &#8211; Hrusice<\/td>\n<td>15:30<\/td>\n<\/tr>\n<tr>\n<td><\/td>\n<td><\/td>\n<td><\/td>\n<td><\/td>\n<\/tr>\n<tr>\n<td>18.10.<\/td>\n<td>NE<\/td>\n<td>Hrusice &#8211; Dob\u0159ejovice B<\/td>\n<td>15:00<\/td>\n<\/tr>\n<tr>\n<td><\/td>\n<td><\/td>\n<td><\/td>\n<td><\/td>\n<\/tr>\n<tr>\n<td>25.10.<\/td>\n<td>NE<\/td>\n<td>Hrusice &#8211; \u010cestlice<\/td>\n<td>14:00<\/td>\n<\/tr>\n<tr>\n<td><\/td>\n<td><\/td>\n<td><\/td>\n<td><\/td>\n<\/tr>\n<tr>\n<td>31.10.<\/td>\n<td>SO<\/td>\n<td>P\u0159\u00ed\u0161imasy &#8211; Hrusice\u00a0 &#8211; (h\u0159. Tismice)<\/td>\n<td>14:00<\/td>\n<\/tr>\n<\/tbody>\n<\/table>\n","protected":false},"excerpt":{"rendered":"<p>\u201eB\u201c PODZIM 2020 23.8. NE Hrusice &#8211; Doubrav\u010dice 17:00 29.8. SO K\u0159enice &#8211; Hrusice 17:00 6.9. NE Hrusice &#8211; \u0158\u00ed\u010dany B 16:30 13.9. NE Kostelec n.\u010c.l. B &#8211; Hrusice 16:30 20.9. NE Hrusice &#8211; Struha\u0159ov 16:00 26.9. SO &hellip; <\/p>\n<div class=\"more-link-wrapper\"><a href=\"https:\/\/hrusice-fotbal.cz\/?page_id=34\" class=\"more-link\">Continue reading<span class=\"screen-reader-text\"> &#8222;Rozlosov\u00e1n\u00ed sout\u011b\u017ee&#8220;<\/span><\/a><\/div>\n","protected":false},"author":1,"featured_media":0,"parent":15,"menu_order":1,"comment_status":"closed","ping_status":"closed","template":"","meta":[],"_links":{"self":[{"href":"https:\/\/hrusice-fotbal.cz\/index.php?rest_route=\/wp\/v2\/pages\/34"}],"collection":[{"href":"https:\/\/hrusice-fotbal.cz\/index.php?rest_route=\/wp\/v2\/pages"}],"about":[{"href":"https:\/\/hrusice-fotbal.cz\/index.php?rest_route=\/wp\/v2\/types\/page"}],"author":[{"embeddable":true,"href":"https:\/\/hrusice-fotbal.cz\/index.php?rest_route=\/wp\/v2\/users\/1"}],"replies":[{"embeddable":true,"href":"https:\/\/hrusice-fotbal.cz\/index.php?rest_route=%2Fwp%2Fv2%2Fcomments&post=34"}],"version-history":[{"count":17,"href":"https:\/\/hrusice-fotbal.cz\/index.php?rest_route=\/wp\/v2\/pages\/34\/revisions"}],"predecessor-version":[{"id":414,"href":"https:\/\/hrusice-fotbal.cz\/index.php?rest_route=\/wp\/v2\/pages\/34\/revisions\/414"}],"up":[{"embeddable":true,"href":"https:\/\/hrusice-fotbal.cz\/index.php?rest_route=\/wp\/v2\/pages\/15"}],"wp:attachment":[{"href":"https:\/\/hrusice-fotbal.cz\/index.php?rest_route=%2Fwp%2Fv2%2Fmedia&parent=34"}],"curies":[{"name":"wp","href":"https:\/\/api.w.org\/{rel}","templated":true}]}}