{"id":47,"date":"2016-05-09T15:54:56","date_gmt":"2016-05-09T13:54:56","guid":{"rendered":"http:\/\/test.hrusice-fotbal.cz\/?page_id=47"},"modified":"2016-05-10T14:06:30","modified_gmt":"2016-05-10T12:06:30","slug":"soupiska","status":"publish","type":"page","link":"https:\/\/hrusice-fotbal.cz\/?page_id=47","title":{"rendered":"Soupiska"},"content":{"rendered":"<table width=\"234\">\n<tbody>\n<tr>\n<td style=\"text-align: right;\" width=\"113\"><strong>Tren\u00e9r:<\/strong><\/td>\n<td width=\"121\">Martin Sv\u011br\u00e1k<\/td>\n<\/tr>\n<tr>\n<td style=\"text-align: right;\"><strong>Vedouc\u00ed mu\u017estva:<\/strong><\/td>\n<td>Anton\u00edn Hor\u00e1k<\/td>\n<\/tr>\n<tr>\n<td><strong>\u00a0<\/strong><\/td>\n<td><\/td>\n<\/tr>\n<tr>\n<td style=\"text-align: right;\"><strong>Brank\u00e1\u0159:<\/strong><\/td>\n<td>Mirodslav Slabihoud<\/td>\n<\/tr>\n<tr>\n<td><strong>\u00a0<\/strong><\/td>\n<td><\/td>\n<\/tr>\n<tr>\n<td style=\"text-align: right;\"><strong>Obr\u00e1nci:<\/strong><\/td>\n<td>Miloslav V\u00edtek<\/td>\n<\/tr>\n<tr>\n<td><strong>\u00a0<\/strong><\/td>\n<td>Michal Vlk<\/td>\n<\/tr>\n<tr>\n<td><strong>\u00a0<\/strong><\/td>\n<td>Martin Sv\u011br\u00e1k<\/td>\n<\/tr>\n<tr>\n<td><strong>\u00a0<\/strong><\/td>\n<td>Tom\u00e1\u0161 Vondr\u00e1k<\/td>\n<\/tr>\n<tr>\n<td><strong>\u00a0<\/strong><\/td>\n<td>Pavel Doubek<\/td>\n<\/tr>\n<tr>\n<td><strong>\u00a0<\/strong><\/td>\n<td><\/td>\n<\/tr>\n<tr>\n<td style=\"text-align: right;\"><strong>Z\u00e1lo\u017en\u00edci:<\/strong><\/td>\n<td>Petr Hofta<\/td>\n<\/tr>\n<tr>\n<td><strong>\u00a0<\/strong><\/td>\n<td>Tom\u00e1\u0161 Hor\u00e1k<\/td>\n<\/tr>\n<tr>\n<td><strong>\u00a0<\/strong><\/td>\n<td>Otakar Svatek<\/td>\n<\/tr>\n<tr>\n<td><strong>\u00a0<\/strong><\/td>\n<td>Rudolf \u010coudek<\/td>\n<\/tr>\n<tr>\n<td><strong>\u00a0<\/strong><\/td>\n<td>Ji\u0159\u00ed Koke\u0161<\/td>\n<\/tr>\n<tr>\n<td><strong>\u00a0<\/strong><\/td>\n<td>Josef Proch\u00e1zka<\/td>\n<\/tr>\n<tr>\n<td><strong>\u00a0<\/strong><\/td>\n<td>Pavel Proch\u00e1zka<\/td>\n<\/tr>\n<tr>\n<td><strong>\u00a0<\/strong><\/td>\n<td><\/td>\n<\/tr>\n<tr>\n<td style=\"text-align: right;\"><strong>\u00dato\u010dn\u00edci:<\/strong><\/td>\n<td>Ji\u0159\u00ed Karoly<\/td>\n<\/tr>\n<tr>\n<td><strong>\u00a0<\/strong><\/td>\n<td>Jakub Matou\u0161<\/td>\n<\/tr>\n<tr>\n<td><strong>\u00a0<\/strong><\/td>\n<td>Jakub Hofta<\/td>\n<\/tr>\n<tr>\n<td><strong>\u00a0<\/strong><\/td>\n<td>Jan Hemel\u00edk<\/td>\n<\/tr>\n<tr>\n<td><strong>\u00a0<\/strong><\/td>\n<td>Petr Proch\u00e1zka<\/td>\n<\/tr>\n<\/tbody>\n<\/table>\n","protected":false},"excerpt":{"rendered":"<p>Tren\u00e9r: Martin Sv\u011br\u00e1k Vedouc\u00ed mu\u017estva: Anton\u00edn Hor\u00e1k \u00a0 Brank\u00e1\u0159: Mirodslav Slabihoud \u00a0 Obr\u00e1nci: Miloslav V\u00edtek \u00a0 Michal Vlk \u00a0 Martin Sv\u011br\u00e1k \u00a0 Tom\u00e1\u0161 Vondr\u00e1k \u00a0 Pavel Doubek \u00a0 Z\u00e1lo\u017en\u00edci: Petr Hofta \u00a0 Tom\u00e1\u0161 Hor\u00e1k \u00a0 Otakar Svatek \u00a0 &hellip; <\/p>\n<div class=\"more-link-wrapper\"><a href=\"https:\/\/hrusice-fotbal.cz\/?page_id=47\" class=\"more-link\">Continue reading<span class=\"screen-reader-text\"> &#8222;Soupiska&#8220;<\/span><\/a><\/div>\n","protected":false},"author":1,"featured_media":0,"parent":15,"menu_order":0,"comment_status":"closed","ping_status":"closed","template":"","meta":[],"_links":{"self":[{"href":"https:\/\/hrusice-fotbal.cz\/index.php?rest_route=\/wp\/v2\/pages\/47"}],"collection":[{"href":"https:\/\/hrusice-fotbal.cz\/index.php?rest_route=\/wp\/v2\/pages"}],"about":[{"href":"https:\/\/hrusice-fotbal.cz\/index.php?rest_route=\/wp\/v2\/types\/page"}],"author":[{"embeddable":true,"href":"https:\/\/hrusice-fotbal.cz\/index.php?rest_route=\/wp\/v2\/users\/1"}],"replies":[{"embeddable":true,"href":"https:\/\/hrusice-fotbal.cz\/index.php?rest_route=%2Fwp%2Fv2%2Fcomments&post=47"}],"version-history":[{"count":3,"href":"https:\/\/hrusice-fotbal.cz\/index.php?rest_route=\/wp\/v2\/pages\/47\/revisions"}],"predecessor-version":[{"id":147,"href":"https:\/\/hrusice-fotbal.cz\/index.php?rest_route=\/wp\/v2\/pages\/47\/revisions\/147"}],"up":[{"embeddable":true,"href":"https:\/\/hrusice-fotbal.cz\/index.php?rest_route=\/wp\/v2\/pages\/15"}],"wp:attachment":[{"href":"https:\/\/hrusice-fotbal.cz\/index.php?rest_route=%2Fwp%2Fv2%2Fmedia&parent=47"}],"curies":[{"name":"wp","href":"https:\/\/api.w.org\/{rel}","templated":true}]}}